{"id":3755,"date":"2025-04-01T00:43:36","date_gmt":"2025-03-31T21:43:36","guid":{"rendered":"https:\/\/cababrands.com\/?post_type=product&#038;p=3755"},"modified":"2026-04-07T10:04:34","modified_gmt":"2026-04-07T07:04:34","slug":"nike-air-max-plus-tn","status":"publish","type":"product","link":"https:\/\/cababrands.com\/ar\/product\/nike-air-max-plus-tn\/","title":{"rendered":"Nike Air Max Plus TN"},"content":{"rendered":"<p>Air Max Plus<\/p>\n<div class=\"ContentWithImage_body__aclEG\" style=\"--tw-border-spacing-x: 0;--tw-border-spacing-y: 0;--tw-translate-x: 0;--tw-translate-y: 0;--tw-rotate: 0;--tw-skew-x: 0;--tw-skew-y: 0;--tw-scale-x: 1;--tw-scale-y: 1;--tw-pan-x;--tw-pan-y;--tw-pinch-zoom;--tw-scroll-snap-strictness: proximity;--tw-gradient-from-position;--tw-gradient-via-position;--tw-gradient-to-position;--tw-ordinal;--tw-slashed-zero;--tw-numeric-figure;--tw-numeric-spacing;--tw-numeric-fraction;--tw-ring-inset;--tw-ring-offset-width: 0px;--tw-ring-offset-color: #fff;--tw-ring-color: #3b82f680;--tw-ring-offset-shadow: 0 0 #0000;--tw-ring-shadow: 0 0 #0000;--tw-shadow: 0 0 #0000;--tw-shadow-colored: 0 0 #0000;--tw-blur;--tw-brightness;--tw-contrast;--tw-grayscale;--tw-hue-rotate;--tw-invert;--tw-saturate;--tw-sepia;--tw-drop-shadow;--tw-backdrop-blur;--tw-backdrop-brightness;--tw-backdrop-contrast;--tw-backdrop-grayscale;--tw-backdrop-hue-rotate;--tw-backdrop-invert;--tw-backdrop-opacity;--tw-backdrop-saturate;--tw-backdrop-sepia;--tw-contain-size;--tw-contain-layout;--tw-contain-paint;--tw-contain-style;border: 0px solid;margin-top: 2rem;font-family: __Inter_b8f589, __Inter_Fallback_b8f589, Arial, Helvetica;font-style: normal;font-weight: 400;letter-spacing: normal;text-align: start;text-indent: 0px;text-transform: none;text-decoration: none\">\n<p style=\"--tw-border-spacing-x: 0;--tw-border-spacing-y: 0;--tw-translate-x: 0;--tw-translate-y: 0;--tw-rotate: 0;--tw-skew-x: 0;--tw-skew-y: 0;--tw-scale-x: 1;--tw-scale-y: 1;--tw-pan-x;--tw-pan-y;--tw-pinch-zoom;--tw-scroll-snap-strictness: proximity;--tw-gradient-from-position;--tw-gradient-via-position;--tw-gradient-to-position;--tw-ordinal;--tw-slashed-zero;--tw-numeric-figure;--tw-numeric-spacing;--tw-numeric-fraction;--tw-ring-inset;--tw-ring-offset-width: 0px;--tw-ring-offset-color: #fff;--tw-ring-color: #3b82f680;--tw-ring-offset-shadow: 0 0 #0000;--tw-ring-shadow: 0 0 #0000;--tw-shadow: 0 0 #0000;--tw-shadow-colored: 0 0 #0000;--tw-blur;--tw-brightness;--tw-contrast;--tw-grayscale;--tw-hue-rotate;--tw-invert;--tw-saturate;--tw-sepia;--tw-drop-shadow;--tw-backdrop-blur;--tw-backdrop-brightness;--tw-backdrop-contrast;--tw-backdrop-grayscale;--tw-backdrop-hue-rotate;--tw-backdrop-invert;--tw-backdrop-opacity;--tw-backdrop-saturate;--tw-backdrop-sepia;--tw-contain-size;--tw-contain-layout;--tw-contain-paint;--tw-contain-style;border: 0px solid;margin: 0px\">L&rsquo;Air Max Plus TN (=tuned air) est \u00e0 l&rsquo;origine une silhouette de course \u00e0 pied datant de la fin des ann\u00e9es 90 qui constitue encore aujourd&rsquo;hui une r\u00e9f\u00e9rence en mati\u00e8re de chaussures de sport. Gr\u00e2ce \u00e0 la technologie utilis\u00e9e, la chaussure est l\u00e9g\u00e8re et ne p\u00e8se que 130 grammes. La Nike Air Max Plus est la combinaison id\u00e9ale de style et de confort, associ\u00e9e \u00e0 une fusion de futurisme, comme tous les mod\u00e8les \u00e0 bulles. Sa tige pr\u00e9sente un design frappant inspir\u00e9 des lignes \u00e9pur\u00e9es des palmiers qui se balancent dans la brise, offrant une esth\u00e9tique fra\u00eeche. La construction l\u00e9g\u00e8re mentionn\u00e9e et la semelle interm\u00e9diaire rembourr\u00e9e offrent un soutien et une r\u00e9activit\u00e9 exceptionnels, ce qui la rend parfaite pour les performances athl\u00e9tiques et le port quotidien. Avec ses superpositions TPU uniques et son embout iconique, la silhouette attire l&rsquo;attention et inspire confiance \u00e0 chaque pas. Le mod\u00e8le Plus \u00e9volue et se revitalise avec l&rsquo;\u00e2ge, et la Air Max Plus 3, un mod\u00e8le raviv\u00e9 en 2019, est un grand classique moderne de la chaussure culte.<\/p>\n<\/div>","protected":false},"excerpt":{"rendered":"<p>Air Max Plus L&rsquo;Air Max Plus TN (=tuned air) est \u00e0 l&rsquo;origine une silhouette de course \u00e0 pied datant de la fin des ann\u00e9es 90 qui constitue encore aujourd&rsquo;hui une r\u00e9f\u00e9rence en mati\u00e8re de chaussures de sport. Gr\u00e2ce \u00e0 la technologie utilis\u00e9e, la chaussure est l\u00e9g\u00e8re et ne p\u00e8se que 130 grammes. La Nike Air [&hellip;]<\/p>\n","protected":false},"featured_media":3869,"comment_status":"open","ping_status":"closed","template":"","meta":[],"product_brand":[],"product_cat":[167,15,166],"product_tag":[],"class_list":{"0":"post-3755","1":"product","2":"type-product","3":"status-publish","4":"has-post-thumbnail","6":"product_cat-air-max-puls-tn","7":"product_cat-15","8":"product_cat-nike","10":"first","11":"instock","12":"shipping-taxable","13":"purchasable","14":"product-type-variable"},"_links":{"self":[{"href":"https:\/\/cababrands.com\/ar\/wp-json\/wp\/v2\/product\/3755","targetHints":{"allow":["GET"]}}],"collection":[{"href":"https:\/\/cababrands.com\/ar\/wp-json\/wp\/v2\/product"}],"about":[{"href":"https:\/\/cababrands.com\/ar\/wp-json\/wp\/v2\/types\/product"}],"replies":[{"embeddable":true,"href":"https:\/\/cababrands.com\/ar\/wp-json\/wp\/v2\/comments?post=3755"}],"wp:featuredmedia":[{"embeddable":true,"href":"https:\/\/cababrands.com\/ar\/wp-json\/wp\/v2\/media\/3869"}],"wp:attachment":[{"href":"https:\/\/cababrands.com\/ar\/wp-json\/wp\/v2\/media?parent=3755"}],"wp:term":[{"taxonomy":"product_brand","embeddable":true,"href":"https:\/\/cababrands.com\/ar\/wp-json\/wp\/v2\/product_brand?post=3755"},{"taxonomy":"product_cat","embeddable":true,"href":"https:\/\/cababrands.com\/ar\/wp-json\/wp\/v2\/product_cat?post=3755"},{"taxonomy":"product_tag","embeddable":true,"href":"https:\/\/cababrands.com\/ar\/wp-json\/wp\/v2\/product_tag?post=3755"}],"curies":[{"name":"wp","href":"https:\/\/api.w.org\/{rel}","templated":true}]}}