{"id":3777,"date":"2025-04-01T19:27:47","date_gmt":"2025-04-01T16:27:47","guid":{"rendered":"https:\/\/cababrands.com\/product\/heritage-armory-marine-voile\/"},"modified":"2026-01-26T16:33:31","modified_gmt":"2026-01-26T13:33:31","slug":"heritage-armory-marine-voile","status":"publish","type":"product","link":"https:\/\/cababrands.com\/ar\/product\/heritage-armory-marine-voile\/","title":{"rendered":"HERITAGE &#8211; ARMORY MARINE\/VOILE"},"content":{"rendered":"<p>Le sac \u00e0 bandouli\u00e8re Nike Heritage offre un range- ment mains libres dans un design crois\u00e9<\/p>\n<p>Un imprim\u00e9 logo Futura et une sangle facile \u00e0 r\u00e9gler en font un choix intelligent pour un usage quotidien<\/p>\n<p>La poche principale \u00e0 fermeture \u00e9clair aide \u00e0 garder vos plus gros objets organis\u00e9s et stock\u00e9s en toute s\u00e9curit\u00e9<\/p>\n<p>La poche accessoire avec fermeture \u00e9clair permet un rangement s\u00fbr de petits objets<\/p>\n<p>La sangle r\u00e9glable offre un ajustement personnalis\u00e9<\/p>\n<p>Ce produit est fabriqu\u00e9 avec au moins 65% de polyester recycl\u00e9<\/p>","protected":false},"excerpt":{"rendered":"<p>Le sac \u00e0 bandouli\u00e8re Nike Heritage offre un range- ment mains libres dans un design crois\u00e9 Un imprim\u00e9 logo Futura et une sangle facile \u00e0 r\u00e9gler en font un choix intelligent pour un usage quotidien La poche principale \u00e0 fermeture \u00e9clair aide \u00e0 garder vos plus gros objets organis\u00e9s et stock\u00e9s en toute s\u00e9curit\u00e9 La [&hellip;]<\/p>\n","protected":false},"featured_media":3775,"comment_status":"open","ping_status":"closed","template":"","meta":[],"product_brand":[],"product_cat":[166,165],"product_tag":[],"class_list":{"0":"post-3777","1":"product","2":"type-product","3":"status-publish","4":"has-post-thumbnail","6":"product_cat-nike","7":"product_cat-pochette","9":"first","10":"outofstock","11":"shipping-taxable","12":"purchasable","13":"product-type-simple"},"_links":{"self":[{"href":"https:\/\/cababrands.com\/ar\/wp-json\/wp\/v2\/product\/3777","targetHints":{"allow":["GET"]}}],"collection":[{"href":"https:\/\/cababrands.com\/ar\/wp-json\/wp\/v2\/product"}],"about":[{"href":"https:\/\/cababrands.com\/ar\/wp-json\/wp\/v2\/types\/product"}],"replies":[{"embeddable":true,"href":"https:\/\/cababrands.com\/ar\/wp-json\/wp\/v2\/comments?post=3777"}],"wp:featuredmedia":[{"embeddable":true,"href":"https:\/\/cababrands.com\/ar\/wp-json\/wp\/v2\/media\/3775"}],"wp:attachment":[{"href":"https:\/\/cababrands.com\/ar\/wp-json\/wp\/v2\/media?parent=3777"}],"wp:term":[{"taxonomy":"product_brand","embeddable":true,"href":"https:\/\/cababrands.com\/ar\/wp-json\/wp\/v2\/product_brand?post=3777"},{"taxonomy":"product_cat","embeddable":true,"href":"https:\/\/cababrands.com\/ar\/wp-json\/wp\/v2\/product_cat?post=3777"},{"taxonomy":"product_tag","embeddable":true,"href":"https:\/\/cababrands.com\/ar\/wp-json\/wp\/v2\/product_tag?post=3777"}],"curies":[{"name":"wp","href":"https:\/\/api.w.org\/{rel}","templated":true}]}}