{"id":4003,"date":"2025-04-04T02:32:29","date_gmt":"2025-04-03T23:32:29","guid":{"rendered":"https:\/\/cababrands.com\/?post_type=product&#038;p=4003"},"modified":"2025-07-11T14:16:00","modified_gmt":"2025-07-11T11:16:00","slug":"nike-air-max-command-dark-obsidian-wolf-grey","status":"publish","type":"product","link":"https:\/\/cababrands.com\/ar\/product\/nike-air-max-command-dark-obsidian-wolf-grey\/","title":{"rendered":"Nike Air Max Command Dark Obsidian Wolf Grey"},"content":{"rendered":"<p><span>Les chaussures confortables de Nike Air Max Command sont le choix parfait pour toutes les tenues quotidiennes. Ces chaussures ajouteront du style \u00e0 votre garde-robe. Mettez-les et allez vous promener, travailler ou explorer de nouveaux endroits. Tu d\u00e9cides! Les chaussures sont conserv\u00e9es en couleur: Gris, la tige est compos\u00e9e de: Cuir naturel, la doublure est compos\u00e9e de: Mati\u00e8re synth\u00e9tique et offre confort et commodit\u00e9 pour vos pieds. Le tout est compl\u00e9t\u00e9 par une semelle en: Caoutchouc. Choisissez les chaussures qui vous conviennent le mieux et laissez Sneakerpeeker vous rendre plus heureux<\/span><\/p>","protected":false},"excerpt":{"rendered":"<p>Les chaussures confortables de Nike Air Max Command sont le choix parfait pour toutes les tenues quotidiennes. Ces chaussures ajouteront du style \u00e0 votre garde-robe. Mettez-les et allez vous promener, travailler ou explorer de nouveaux endroits. Tu d\u00e9cides! Les chaussures sont conserv\u00e9es en couleur: Gris, la tige est compos\u00e9e de: Cuir naturel, la doublure est [&hellip;]<\/p>\n","protected":false},"featured_media":3999,"comment_status":"open","ping_status":"closed","template":"","meta":[],"product_brand":[],"product_cat":[179,15,166],"product_tag":[],"class_list":{"0":"post-4003","1":"product","2":"type-product","3":"status-publish","4":"has-post-thumbnail","6":"product_cat-air-max-command","7":"product_cat-15","8":"product_cat-nike","10":"first","11":"instock","12":"shipping-taxable","13":"purchasable","14":"product-type-variable"},"_links":{"self":[{"href":"https:\/\/cababrands.com\/ar\/wp-json\/wp\/v2\/product\/4003","targetHints":{"allow":["GET"]}}],"collection":[{"href":"https:\/\/cababrands.com\/ar\/wp-json\/wp\/v2\/product"}],"about":[{"href":"https:\/\/cababrands.com\/ar\/wp-json\/wp\/v2\/types\/product"}],"replies":[{"embeddable":true,"href":"https:\/\/cababrands.com\/ar\/wp-json\/wp\/v2\/comments?post=4003"}],"wp:featuredmedia":[{"embeddable":true,"href":"https:\/\/cababrands.com\/ar\/wp-json\/wp\/v2\/media\/3999"}],"wp:attachment":[{"href":"https:\/\/cababrands.com\/ar\/wp-json\/wp\/v2\/media?parent=4003"}],"wp:term":[{"taxonomy":"product_brand","embeddable":true,"href":"https:\/\/cababrands.com\/ar\/wp-json\/wp\/v2\/product_brand?post=4003"},{"taxonomy":"product_cat","embeddable":true,"href":"https:\/\/cababrands.com\/ar\/wp-json\/wp\/v2\/product_cat?post=4003"},{"taxonomy":"product_tag","embeddable":true,"href":"https:\/\/cababrands.com\/ar\/wp-json\/wp\/v2\/product_tag?post=4003"}],"curies":[{"name":"wp","href":"https:\/\/api.w.org\/{rel}","templated":true}]}}